{"id":33,"date":"2023-08-03T03:54:16","date_gmt":"2023-08-03T02:54:16","guid":{"rendered":"https:\/\/akinfiyeva.com\/?page_id=33"},"modified":"2023-09-01T05:35:52","modified_gmt":"2023-09-01T04:35:52","slug":"about-me","status":"publish","type":"page","link":"https:\/\/akinfiyeva.com\/fr\/about-me\/","title":{"rendered":"\u00c0 propos"},"content":{"rendered":"<div data-elementor-type=\"wp-page\" data-elementor-id=\"33\" class=\"elementor elementor-33\">\n\t\t\t\t\t\t\t<div class=\"elementor-element elementor-element-963fa02 e-flex e-con-boxed e-con\" data-id=\"963fa02\" data-element_type=\"container\" data-settings=\"{&quot;content_width&quot;:&quot;boxed&quot;}\">\n\t\t\t\t\t<div class=\"e-con-inner\">\n\t\t\t\t<div class=\"elementor-element elementor-element-d7adb3b elementor-widget elementor-widget-heading\" data-id=\"d7adb3b\" data-element_type=\"widget\" data-widget_type=\"heading.default\">\n\t\t\t\t<div class=\"elementor-widget-container\">\n\t\t\t<style>\/*! elementor - v3.15.0 - 02-08-2023 *\/\n.elementor-heading-title{padding:0;margin:0;line-height:1}.elementor-widget-heading .elementor-heading-title[class*=elementor-size-]>a{color:inherit;font-size:inherit;line-height:inherit}.elementor-widget-heading .elementor-heading-title.elementor-size-small{font-size:15px}.elementor-widget-heading .elementor-heading-title.elementor-size-medium{font-size:19px}.elementor-widget-heading .elementor-heading-title.elementor-size-large{font-size:29px}.elementor-widget-heading .elementor-heading-title.elementor-size-xl{font-size:39px}.elementor-widget-heading .elementor-heading-title.elementor-size-xxl{font-size:59px}<\/style><h2 class=\"elementor-heading-title elementor-size-default\">\u00c0 propos<\/h2>\t\t<\/div>\n\t\t\t\t<\/div>\n\t\t\t\t\t<\/div>\n\t\t\t\t<\/div>\n\t\t<div class=\"elementor-element elementor-element-ce2ea84 e-flex e-con-boxed e-con\" data-id=\"ce2ea84\" data-element_type=\"container\" data-settings=\"{&quot;content_width&quot;:&quot;boxed&quot;}\">\n\t\t\t\t\t<div class=\"e-con-inner\">\n\t\t<div class=\"elementor-element elementor-element-1e70309 e-con-full e-flex e-con\" data-id=\"1e70309\" data-element_type=\"container\" data-settings=\"{&quot;content_width&quot;:&quot;full&quot;}\">\n\t\t\t\t<div class=\"elementor-element elementor-element-4988c3b elementor-widget elementor-widget-image\" data-id=\"4988c3b\" data-element_type=\"widget\" data-widget_type=\"image.default\">\n\t\t\t\t<div class=\"elementor-widget-container\">\n\t\t\t<style>\/*! elementor - v3.15.0 - 02-08-2023 *\/\n.elementor-widget-image{text-align:center}.elementor-widget-image a{display:inline-block}.elementor-widget-image a img[src$=\".svg\"]{width:48px}.elementor-widget-image img{vertical-align:middle;display:inline-block}<\/style>\t\t\t\t\t\t\t\t\t\t\t\t<img decoding=\"async\" width=\"800\" height=\"800\" src=\"https:\/\/akinfiyeva.com\/wp-content\/uploads\/2023\/09\/nadya.png\" class=\"attachment-large size-large wp-image-305\" alt=\"\" loading=\"lazy\" srcset=\"https:\/\/akinfiyeva.com\/wp-content\/uploads\/2023\/09\/nadya.png 1024w, https:\/\/akinfiyeva.com\/wp-content\/uploads\/2023\/09\/nadya-300x300.png 300w, https:\/\/akinfiyeva.com\/wp-content\/uploads\/2023\/09\/nadya-150x150.png 150w, https:\/\/akinfiyeva.com\/wp-content\/uploads\/2023\/09\/nadya-768x768.png 768w, https:\/\/akinfiyeva.com\/wp-content\/uploads\/2023\/09\/nadya-12x12.png 12w\" sizes=\"(max-width: 800px) 100vw, 800px\" \/>\t\t\t\t\t\t\t\t\t\t\t\t\t\t\t<\/div>\n\t\t\t\t<\/div>\n\t\t\t\t<\/div>\n\t\t<div class=\"elementor-element elementor-element-ede9ba7 e-con-full e-flex e-con\" data-id=\"ede9ba7\" data-element_type=\"container\" data-settings=\"{&quot;content_width&quot;:&quot;full&quot;}\">\n\t\t\t\t<div class=\"elementor-element elementor-element-a9b7b7b elementor-widget elementor-widget-text-editor\" data-id=\"a9b7b7b\" data-element_type=\"widget\" data-widget_type=\"text-editor.default\">\n\t\t\t\t<div class=\"elementor-widget-container\">\n\t\t\t<style>\/*! elementor - v3.15.0 - 02-08-2023 *\/\n.elementor-widget-text-editor.elementor-drop-cap-view-stacked .elementor-drop-cap{background-color:#69727d;color:#fff}.elementor-widget-text-editor.elementor-drop-cap-view-framed .elementor-drop-cap{color:#69727d;border:3px solid;background-color:transparent}.elementor-widget-text-editor:not(.elementor-drop-cap-view-default) .elementor-drop-cap{margin-top:8px}.elementor-widget-text-editor:not(.elementor-drop-cap-view-default) .elementor-drop-cap-letter{width:1em;height:1em}.elementor-widget-text-editor .elementor-drop-cap{float:left;text-align:center;line-height:1;font-size:50px}.elementor-widget-text-editor .elementor-drop-cap-letter{display:inline-block}<\/style>\t\t\t\t<p>Je m'appelle Nadia Akinfieva et j'ai toujours r\u00eav\u00e9 de devenir graphiste.\u00a0<\/p><p>\u00a0<\/p><p>Je suis originaire du Kazakhstan, mais j'ai d\u00e9m\u00e9nag\u00e9 en France \u00e0 l'\u00e2ge de 18 ans pour \u00e9tudier l'informatique \u00e0 l'universit\u00e9 de Strasbourg. Apr\u00e8s avoir termin\u00e9 ma licence, j'ai r\u00e9alis\u00e9 que je ne voulais pas faire de la programmation, j'ai donc suivi un master CAWEB en communication web multilingue. Au cours de mes \u00e9tudes, j'ai approfondi mes connaissances en mati\u00e8re d'\u00e9dition graphique, de marketing et de cr\u00e9ation de sites web.\u00a0<\/p><p>\u00a0<\/p><p>Pendant mon temps libre, j'aime voyager. Lorsque je voyage, j'observe attentivement l'architecture, les affiches dans les villes, les \u00e9tiquettes de produits dans les magasins et d'autres d\u00e9tails qui constituent l'identit\u00e9 visuelle d'un lieu.  Ce hobby m'aide dans mon travail, une telle comp\u00e9tence s'appelle l'observation.\u00a0<\/p>\t\t\t\t\t\t<\/div>\n\t\t\t\t<\/div>\n\t\t\t\t<\/div>\n\t\t\t\t\t<\/div>\n\t\t\t\t<\/div>\n\t\t\t\t\t\t\t<\/div>","protected":false},"excerpt":{"rendered":"<p>About me My name is Nadia Akinfieva and I have always dreamed of becoming a graphic designer.\u00a0 \u00a0 I am originally from Kazakhstan, but I moved to France when I was 18 to study computer science at the University of Strasbourg. After finishing my bachelor&#8217;s degree, I realised that I didn&#8217;t want to do programming, [&hellip;]<\/p>","protected":false},"author":1,"featured_media":0,"parent":0,"menu_order":0,"comment_status":"closed","ping_status":"closed","template":"","meta":[],"_links":{"self":[{"href":"https:\/\/akinfiyeva.com\/fr\/wp-json\/wp\/v2\/pages\/33"}],"collection":[{"href":"https:\/\/akinfiyeva.com\/fr\/wp-json\/wp\/v2\/pages"}],"about":[{"href":"https:\/\/akinfiyeva.com\/fr\/wp-json\/wp\/v2\/types\/page"}],"author":[{"embeddable":true,"href":"https:\/\/akinfiyeva.com\/fr\/wp-json\/wp\/v2\/users\/1"}],"replies":[{"embeddable":true,"href":"https:\/\/akinfiyeva.com\/fr\/wp-json\/wp\/v2\/comments?post=33"}],"version-history":[{"count":22,"href":"https:\/\/akinfiyeva.com\/fr\/wp-json\/wp\/v2\/pages\/33\/revisions"}],"predecessor-version":[{"id":438,"href":"https:\/\/akinfiyeva.com\/fr\/wp-json\/wp\/v2\/pages\/33\/revisions\/438"}],"wp:attachment":[{"href":"https:\/\/akinfiyeva.com\/fr\/wp-json\/wp\/v2\/media?parent=33"}],"curies":[{"name":"wp","href":"https:\/\/api.w.org\/{rel}","templated":true}]}}