{"id":35,"date":"2023-08-03T03:54:27","date_gmt":"2023-08-03T02:54:27","guid":{"rendered":"https:\/\/akinfiyeva.com\/?page_id=35"},"modified":"2023-09-01T05:07:13","modified_gmt":"2023-09-01T04:07:13","slug":"webdesign","status":"publish","type":"page","link":"https:\/\/akinfiyeva.com\/fr\/webdesign\/","title":{"rendered":"Conception de sites web"},"content":{"rendered":"<div data-elementor-type=\"wp-page\" data-elementor-id=\"35\" class=\"elementor elementor-35\">\n\t\t\t\t\t\t\t<div class=\"elementor-element elementor-element-894285e e-flex e-con-boxed e-con\" data-id=\"894285e\" data-element_type=\"container\" data-settings=\"{&quot;content_width&quot;:&quot;boxed&quot;}\">\n\t\t\t\t\t<div class=\"e-con-inner\">\n\t\t\t\t<div class=\"elementor-element elementor-element-54ba27a elementor-widget elementor-widget-heading\" data-id=\"54ba27a\" data-element_type=\"widget\" data-widget_type=\"heading.default\">\n\t\t\t\t<div class=\"elementor-widget-container\">\n\t\t\t<style>\/*! elementor - v3.15.0 - 02-08-2023 *\/\n.elementor-heading-title{padding:0;margin:0;line-height:1}.elementor-widget-heading .elementor-heading-title[class*=elementor-size-]>a{color:inherit;font-size:inherit;line-height:inherit}.elementor-widget-heading .elementor-heading-title.elementor-size-small{font-size:15px}.elementor-widget-heading .elementor-heading-title.elementor-size-medium{font-size:19px}.elementor-widget-heading .elementor-heading-title.elementor-size-large{font-size:29px}.elementor-widget-heading .elementor-heading-title.elementor-size-xl{font-size:39px}.elementor-widget-heading .elementor-heading-title.elementor-size-xxl{font-size:59px}<\/style><h1 class=\"elementor-heading-title elementor-size-default\">Conception de sites web<\/h1>\t\t<\/div>\n\t\t\t\t<\/div>\n\t\t\t\t\t<\/div>\n\t\t\t\t<\/div>\n\t\t<div class=\"elementor-element elementor-element-fd70ce7 e-flex e-con-boxed e-con\" data-id=\"fd70ce7\" data-element_type=\"container\" data-settings=\"{&quot;content_width&quot;:&quot;boxed&quot;}\">\n\t\t\t\t\t<div class=\"e-con-inner\">\n\t\t<div class=\"elementor-element elementor-element-33b7aac e-con-full e-flex e-con\" data-id=\"33b7aac\" data-element_type=\"container\" data-settings=\"{&quot;content_width&quot;:&quot;full&quot;}\">\n\t\t\t\t<div class=\"elementor-element elementor-element-c2eee00 elementor-widget elementor-widget-image\" data-id=\"c2eee00\" data-element_type=\"widget\" data-widget_type=\"image.default\">\n\t\t\t\t<div class=\"elementor-widget-container\">\n\t\t\t<style>\/*! elementor - v3.15.0 - 02-08-2023 *\/\n.elementor-widget-image{text-align:center}.elementor-widget-image a{display:inline-block}.elementor-widget-image a img[src$=\".svg\"]{width:48px}.elementor-widget-image img{vertical-align:middle;display:inline-block}<\/style>\t\t\t\t\t\t\t\t\t\t\t\t<img decoding=\"async\" width=\"800\" height=\"593\" src=\"https:\/\/akinfiyeva.com\/wp-content\/uploads\/2023\/08\/57297-1024x759.jpg\" class=\"attachment-large size-large wp-image-84\" alt=\"\" loading=\"lazy\" srcset=\"https:\/\/akinfiyeva.com\/wp-content\/uploads\/2023\/08\/57297-1024x759.jpg 1024w, https:\/\/akinfiyeva.com\/wp-content\/uploads\/2023\/08\/57297-300x222.jpg 300w, https:\/\/akinfiyeva.com\/wp-content\/uploads\/2023\/08\/57297-768x569.jpg 768w, https:\/\/akinfiyeva.com\/wp-content\/uploads\/2023\/08\/57297-1536x1138.jpg 1536w, https:\/\/akinfiyeva.com\/wp-content\/uploads\/2023\/08\/57297.jpg 2000w\" sizes=\"(max-width: 800px) 100vw, 800px\" \/>\t\t\t\t\t\t\t\t\t\t\t\t\t\t\t<\/div>\n\t\t\t\t<\/div>\n\t\t\t\t<\/div>\n\t\t<div class=\"elementor-element elementor-element-9255c8b e-con-full e-flex e-con\" data-id=\"9255c8b\" data-element_type=\"container\" data-settings=\"{&quot;content_width&quot;:&quot;full&quot;}\">\n\t\t\t\t<div class=\"elementor-element elementor-element-9da4180 elementor-widget elementor-widget-heading\" data-id=\"9da4180\" data-element_type=\"widget\" data-widget_type=\"heading.default\">\n\t\t\t\t<div class=\"elementor-widget-container\">\n\t\t\t<h2 class=\"elementor-heading-title elementor-size-default\">Centre d'\u00e9ducation compl\u00e9mentaire&nbsp;<\/h2>\t\t<\/div>\n\t\t\t\t<\/div>\n\t\t\t\t<div class=\"elementor-element elementor-element-c279d01 elementor-widget elementor-widget-text-editor\" data-id=\"c279d01\" data-element_type=\"widget\" data-widget_type=\"text-editor.default\">\n\t\t\t\t<div class=\"elementor-widget-container\">\n\t\t\t<style>\/*! elementor - v3.15.0 - 02-08-2023 *\/\n.elementor-widget-text-editor.elementor-drop-cap-view-stacked .elementor-drop-cap{background-color:#69727d;color:#fff}.elementor-widget-text-editor.elementor-drop-cap-view-framed .elementor-drop-cap{color:#69727d;border:3px solid;background-color:transparent}.elementor-widget-text-editor:not(.elementor-drop-cap-view-default) .elementor-drop-cap{margin-top:8px}.elementor-widget-text-editor:not(.elementor-drop-cap-view-default) .elementor-drop-cap-letter{width:1em;height:1em}.elementor-widget-text-editor .elementor-drop-cap{float:left;text-align:center;line-height:1;font-size:50px}.elementor-widget-text-editor .elementor-drop-cap-letter{display:inline-block}<\/style>\t\t\t\tPour un nouveau projet de l'association ART-Radouga \u00e0 Strasbourg, j'ai r\u00e9alis\u00e9 un site web d'une page pr\u00e9sentant le projet, d\u00e9taillant le programme des modules propos\u00e9s\t\t\t\t\t\t<\/div>\n\t\t\t\t<\/div>\n\t\t\t\t<\/div>\n\t\t\t\t\t<\/div>\n\t\t\t\t<\/div>\n\t\t<div class=\"elementor-element elementor-element-fd390d6 e-flex e-con-boxed e-con\" data-id=\"fd390d6\" data-element_type=\"container\" data-settings=\"{&quot;content_width&quot;:&quot;boxed&quot;}\">\n\t\t\t\t\t<div class=\"e-con-inner\">\n\t\t<div class=\"elementor-element elementor-element-60b8006 e-con-full e-flex e-con\" data-id=\"60b8006\" data-element_type=\"container\" data-settings=\"{&quot;content_width&quot;:&quot;full&quot;}\">\n\t\t\t\t<div class=\"elementor-element elementor-element-82c5553 elementor-widget elementor-widget-image\" data-id=\"82c5553\" data-element_type=\"widget\" data-widget_type=\"image.default\">\n\t\t\t\t<div class=\"elementor-widget-container\">\n\t\t\t\t\t\t\t\t\t\t\t\t\t\t\t<img decoding=\"async\" width=\"800\" height=\"567\" src=\"https:\/\/akinfiyeva.com\/wp-content\/uploads\/2023\/09\/batiglobl-1024x726.jpg\" class=\"attachment-large size-large wp-image-365\" alt=\"\" loading=\"lazy\" srcset=\"https:\/\/akinfiyeva.com\/wp-content\/uploads\/2023\/09\/batiglobl-1024x726.jpg 1024w, https:\/\/akinfiyeva.com\/wp-content\/uploads\/2023\/09\/batiglobl-300x213.jpg 300w, https:\/\/akinfiyeva.com\/wp-content\/uploads\/2023\/09\/batiglobl-768x544.jpg 768w, https:\/\/akinfiyeva.com\/wp-content\/uploads\/2023\/09\/batiglobl-1536x1088.jpg 1536w, https:\/\/akinfiyeva.com\/wp-content\/uploads\/2023\/09\/batiglobl-2048x1451.jpg 2048w\" sizes=\"(max-width: 800px) 100vw, 800px\" \/>\t\t\t\t\t\t\t\t\t\t\t\t\t\t\t<\/div>\n\t\t\t\t<\/div>\n\t\t\t\t<\/div>\n\t\t<div class=\"elementor-element elementor-element-9c31920 e-con-full e-flex e-con\" data-id=\"9c31920\" data-element_type=\"container\" data-settings=\"{&quot;content_width&quot;:&quot;full&quot;}\">\n\t\t\t\t<div class=\"elementor-element elementor-element-9f1f9c1 elementor-widget elementor-widget-heading\" data-id=\"9f1f9c1\" data-element_type=\"widget\" data-widget_type=\"heading.default\">\n\t\t\t\t<div class=\"elementor-widget-container\">\n\t\t\t<h2 class=\"elementor-heading-title elementor-size-default\">Batiglobal<\/h2>\t\t<\/div>\n\t\t\t\t<\/div>\n\t\t\t\t<div class=\"elementor-element elementor-element-f07aee9 elementor-widget elementor-widget-text-editor\" data-id=\"f07aee9\" data-element_type=\"widget\" data-widget_type=\"text-editor.default\">\n\t\t\t\t<div class=\"elementor-widget-container\">\n\t\t\t\t\t\t\tPour l'entreprise de construction BATIGLOBAL, j'ai con\u00e7u et d\u00e9velopp\u00e9 un nouveau site web sur la base du site existant. L'objectif \u00e9tait de rendre le site convivial pour les mobiles et de simplifier la navigation pour aller droit au but : pr\u00e9senter les projets que l'entreprise a r\u00e9alis\u00e9s avec succ\u00e8s.\t\t\t\t\t\t<\/div>\n\t\t\t\t<\/div>\n\t\t\t\t<\/div>\n\t\t\t\t\t<\/div>\n\t\t\t\t<\/div>\n\t\t\t\t\t\t\t<\/div>","protected":false},"excerpt":{"rendered":"<p>Webdesign Complementory Education Centre&nbsp; For a new project of the association ART-Radouga in Strasbourg, I did a one-page website presenting the project, detailing the programme of the modules offered Batiglobal For the construction company BATIGLOBAL, I have designed and developed a new website on the basis of the existing one. The aim was to make [&hellip;]<\/p>","protected":false},"author":1,"featured_media":0,"parent":0,"menu_order":0,"comment_status":"closed","ping_status":"closed","template":"","meta":[],"_links":{"self":[{"href":"https:\/\/akinfiyeva.com\/fr\/wp-json\/wp\/v2\/pages\/35"}],"collection":[{"href":"https:\/\/akinfiyeva.com\/fr\/wp-json\/wp\/v2\/pages"}],"about":[{"href":"https:\/\/akinfiyeva.com\/fr\/wp-json\/wp\/v2\/types\/page"}],"author":[{"embeddable":true,"href":"https:\/\/akinfiyeva.com\/fr\/wp-json\/wp\/v2\/users\/1"}],"replies":[{"embeddable":true,"href":"https:\/\/akinfiyeva.com\/fr\/wp-json\/wp\/v2\/comments?post=35"}],"version-history":[{"count":14,"href":"https:\/\/akinfiyeva.com\/fr\/wp-json\/wp\/v2\/pages\/35\/revisions"}],"predecessor-version":[{"id":425,"href":"https:\/\/akinfiyeva.com\/fr\/wp-json\/wp\/v2\/pages\/35\/revisions\/425"}],"wp:attachment":[{"href":"https:\/\/akinfiyeva.com\/fr\/wp-json\/wp\/v2\/media?parent=35"}],"curies":[{"name":"wp","href":"https:\/\/api.w.org\/{rel}","templated":true}]}}